{"id":24191,"date":"2025-10-18T09:08:36","date_gmt":"2025-10-18T07:08:36","guid":{"rendered":"https:\/\/www.bunterwaesche.com\/shop_ch\/?post_type=product&#038;p=24191"},"modified":"2025-10-18T09:49:11","modified_gmt":"2025-10-18T07:49:11","slug":"tilda-tote-bag-large-jabali-red","status":"publish","type":"product","link":"https:\/\/www.bunterwaesche.com\/shop_ch\/produkt\/tilda-tote-bag-large-jabali-red\/","title":{"rendered":"Tilda Tote Bag Large Jabali red"},"content":{"rendered":"<p>Mit der gro\u00dfen Tragetasche Tilda nimmst du m\u00fchelos alles mit, was du brauchst egal ob f\u00fcr einen Tagesausflug oder eine \u00dcbernachtung. Die Tasche misst 66x20x44cm, ist ger\u00e4umig und robust, mit bequemen Henkeln und einem praktischen Rei\u00dfverschluss. Neben dem gro\u00dfz\u00fcgigen Hauptfach verf\u00fcgt sie \u00fcber mehrere praktische Innenf\u00e4cher, in denen du wichtige Dinge wie dein Handy und deine Schl\u00fcssel sicher verstauen kannst. Das Jabali-Muster ist besonders fein gearbeitet. Es besteht aus vielen kleinen Bl\u00fcmchen und Bl\u00e4ttern, die zusammen ein Muster aus dekorativen B\u00f6gen bilden. Kombiniere sie mit einer Geldb\u00f6rse oder Handytasche aus der Jabali-Kollektion f\u00fcr einen rundum verspielten Look.<\/p>\n","protected":false},"excerpt":{"rendered":"<p>Mit der gro\u00dfen Tragetasche Tilda nimmst du m\u00fchelos alles mit, was du brauchst egal ob f\u00fcr einen Tagesausflug oder eine \u00dcbernachtung. Die Tasche misst 66x20x44cm, ist ger\u00e4umig und robust, mit bequemen Henkeln und einem praktischen Rei\u00dfverschluss. Neben dem gro\u00dfz\u00fcgigen Hauptfach verf\u00fcgt sie \u00fcber mehrere praktische Innenf\u00e4cher, in denen du wichtige Dinge wie dein Handy und [&hellip;]<\/p>\n","protected":false},"featured_media":24196,"template":"","meta":[],"product_brand":[],"product_cat":[519],"product_tag":[501,180,88],"class_list":{"0":"post-24191","1":"product","2":"type-product","3":"status-publish","4":"has-post-thumbnail","6":"product_cat-taschen-2","7":"product_tag-jabali","8":"product_tag-pip-studio","9":"product_tag-red","11":"first","12":"instock","13":"taxable","14":"shipping-taxable","15":"purchasable","16":"product-type-simple"},"_links":{"self":[{"href":"https:\/\/www.bunterwaesche.com\/shop_ch\/wp-json\/wp\/v2\/product\/24191","targetHints":{"allow":["GET"]}}],"collection":[{"href":"https:\/\/www.bunterwaesche.com\/shop_ch\/wp-json\/wp\/v2\/product"}],"about":[{"href":"https:\/\/www.bunterwaesche.com\/shop_ch\/wp-json\/wp\/v2\/types\/product"}],"wp:featuredmedia":[{"embeddable":true,"href":"https:\/\/www.bunterwaesche.com\/shop_ch\/wp-json\/wp\/v2\/media\/24196"}],"wp:attachment":[{"href":"https:\/\/www.bunterwaesche.com\/shop_ch\/wp-json\/wp\/v2\/media?parent=24191"}],"wp:term":[{"taxonomy":"product_brand","embeddable":true,"href":"https:\/\/www.bunterwaesche.com\/shop_ch\/wp-json\/wp\/v2\/product_brand?post=24191"},{"taxonomy":"product_cat","embeddable":true,"href":"https:\/\/www.bunterwaesche.com\/shop_ch\/wp-json\/wp\/v2\/product_cat?post=24191"},{"taxonomy":"product_tag","embeddable":true,"href":"https:\/\/www.bunterwaesche.com\/shop_ch\/wp-json\/wp\/v2\/product_tag?post=24191"}],"curies":[{"name":"wp","href":"https:\/\/api.w.org\/{rel}","templated":true}]}}