{"id":24828,"date":"2026-03-20T07:22:20","date_gmt":"2026-03-20T06:22:20","guid":{"rendered":"https:\/\/www.bunterwaesche.com\/shop_ch\/?post_type=product&#038;p=24828"},"modified":"2026-03-20T07:35:39","modified_gmt":"2026-03-20T06:35:39","slug":"bustier-mit-pads-fuchsia","status":"publish","type":"product","link":"https:\/\/www.bunterwaesche.com\/shop_ch\/produkt\/bustier-mit-pads-fuchsia\/","title":{"rendered":"Bustier mit Pads Fuchsia"},"content":{"rendered":"<p>Bustier f\u00fcr Damen in der Farbe Fuchsia<br \/>\naus der SCHIESSER Serie &#8222;Invisible Soft&#8220;<br \/>\nmit herausnehmbaren Pads und V-Ausschnitt<br \/>\nLasercut-Abschl\u00fcsse f\u00fcr besten Tragekomfort<br \/>\nunsichtbar selbst unter eng anliegender Kleidung<br \/>\nin extra-softer Mikro-Qualit\u00e4t mit Peach-Finish<\/p>\n","protected":false},"excerpt":{"rendered":"<p>Bustier f\u00fcr Damen in der Farbe Fuchsia aus der SCHIESSER Serie &#8222;Invisible Soft&#8220; mit herausnehmbaren Pads und V-Ausschnitt Lasercut-Abschl\u00fcsse f\u00fcr besten Tragekomfort unsichtbar selbst unter eng anliegender Kleidung in extra-softer Mikro-Qualit\u00e4t mit Peach-Finish<\/p>\n","protected":false},"featured_media":24854,"template":"","meta":[],"product_brand":[],"product_cat":[433],"product_tag":[25,96,434],"class_list":{"0":"post-24828","1":"product","2":"type-product","3":"status-publish","4":"has-post-thumbnail","6":"product_cat-schiesser","7":"product_tag-fuchsia","8":"product_tag-pink","9":"product_tag-schiesser","10":"pa_groesse-l","11":"pa_groesse-m","12":"pa_groesse-s","13":"pa_groesse-xl","14":"pa_groesse-xs","15":"pa_groesse-xxl","17":"first","18":"instock","19":"taxable","20":"shipping-taxable","21":"purchasable","22":"product-type-variable"},"_links":{"self":[{"href":"https:\/\/www.bunterwaesche.com\/shop_ch\/wp-json\/wp\/v2\/product\/24828","targetHints":{"allow":["GET"]}}],"collection":[{"href":"https:\/\/www.bunterwaesche.com\/shop_ch\/wp-json\/wp\/v2\/product"}],"about":[{"href":"https:\/\/www.bunterwaesche.com\/shop_ch\/wp-json\/wp\/v2\/types\/product"}],"wp:featuredmedia":[{"embeddable":true,"href":"https:\/\/www.bunterwaesche.com\/shop_ch\/wp-json\/wp\/v2\/media\/24854"}],"wp:attachment":[{"href":"https:\/\/www.bunterwaesche.com\/shop_ch\/wp-json\/wp\/v2\/media?parent=24828"}],"wp:term":[{"taxonomy":"product_brand","embeddable":true,"href":"https:\/\/www.bunterwaesche.com\/shop_ch\/wp-json\/wp\/v2\/product_brand?post=24828"},{"taxonomy":"product_cat","embeddable":true,"href":"https:\/\/www.bunterwaesche.com\/shop_ch\/wp-json\/wp\/v2\/product_cat?post=24828"},{"taxonomy":"product_tag","embeddable":true,"href":"https:\/\/www.bunterwaesche.com\/shop_ch\/wp-json\/wp\/v2\/product_tag?post=24828"}],"curies":[{"name":"wp","href":"https:\/\/api.w.org\/{rel}","templated":true}]}}