{"id":24842,"date":"2026-03-20T07:22:30","date_gmt":"2026-03-20T06:22:30","guid":{"rendered":"https:\/\/www.bunterwaesche.com\/shop_ch\/?post_type=product&#038;p=24842"},"modified":"2026-03-20T07:31:04","modified_gmt":"2026-03-20T06:31:04","slug":"maxi-slip-fuchsia","status":"publish","type":"product","link":"https:\/\/www.bunterwaesche.com\/shop_ch\/produkt\/maxi-slip-fuchsia\/","title":{"rendered":"Maxi Slip Fuchsia"},"content":{"rendered":"<p>Maxislip f\u00fcr Damen in der Farbe Fuchsia<br \/>\naus der SCHIESSER Serie &#8222;Invisible Soft&#8220;<br \/>\nangesagte Form mit hohem Bund<br \/>\nunsichtbar selbst unter eng anliegender Kleidung<br \/>\nLasercut-Abschl\u00fcsse und gebondete Seitenn\u00e4hte f\u00fcr besten Tragekomfort<br \/>\nin extra-softer, elastischer Microfaser-Qualit\u00e4t mit Peach-Finish<\/p>\n","protected":false},"excerpt":{"rendered":"<p>Maxislip f\u00fcr Damen in der Farbe Fuchsia aus der SCHIESSER Serie &#8222;Invisible Soft&#8220; angesagte Form mit hohem Bund unsichtbar selbst unter eng anliegender Kleidung Lasercut-Abschl\u00fcsse und gebondete Seitenn\u00e4hte f\u00fcr besten Tragekomfort in extra-softer, elastischer Microfaser-Qualit\u00e4t mit Peach-Finish<\/p>\n","protected":false},"featured_media":24858,"template":"","meta":[],"product_brand":[],"product_cat":[433],"product_tag":[25,96,434],"class_list":{"0":"post-24842","1":"product","2":"type-product","3":"status-publish","4":"has-post-thumbnail","6":"product_cat-schiesser","7":"product_tag-fuchsia","8":"product_tag-pink","9":"product_tag-schiesser","10":"pa_groesse-l","11":"pa_groesse-m","12":"pa_groesse-s","13":"pa_groesse-xl","14":"pa_groesse-xs","15":"pa_groesse-xxl","17":"first","18":"instock","19":"taxable","20":"shipping-taxable","21":"purchasable","22":"product-type-variable"},"_links":{"self":[{"href":"https:\/\/www.bunterwaesche.com\/shop_ch\/wp-json\/wp\/v2\/product\/24842","targetHints":{"allow":["GET"]}}],"collection":[{"href":"https:\/\/www.bunterwaesche.com\/shop_ch\/wp-json\/wp\/v2\/product"}],"about":[{"href":"https:\/\/www.bunterwaesche.com\/shop_ch\/wp-json\/wp\/v2\/types\/product"}],"wp:featuredmedia":[{"embeddable":true,"href":"https:\/\/www.bunterwaesche.com\/shop_ch\/wp-json\/wp\/v2\/media\/24858"}],"wp:attachment":[{"href":"https:\/\/www.bunterwaesche.com\/shop_ch\/wp-json\/wp\/v2\/media?parent=24842"}],"wp:term":[{"taxonomy":"product_brand","embeddable":true,"href":"https:\/\/www.bunterwaesche.com\/shop_ch\/wp-json\/wp\/v2\/product_brand?post=24842"},{"taxonomy":"product_cat","embeddable":true,"href":"https:\/\/www.bunterwaesche.com\/shop_ch\/wp-json\/wp\/v2\/product_cat?post=24842"},{"taxonomy":"product_tag","embeddable":true,"href":"https:\/\/www.bunterwaesche.com\/shop_ch\/wp-json\/wp\/v2\/product_tag?post=24842"}],"curies":[{"name":"wp","href":"https:\/\/api.w.org\/{rel}","templated":true}]}}