{"id":7555,"date":"2020-04-27T09:43:58","date_gmt":"2020-04-27T07:43:58","guid":{"rendered":"https:\/\/www.bunterwaesche.com\/shop_ch\/?post_type=product&#038;p=7555"},"modified":"2025-10-16T11:45:04","modified_gmt":"2025-10-16T09:45:04","slug":"nsn-hotpant-white","status":"publish","type":"product","link":"https:\/\/www.bunterwaesche.com\/shop_ch\/produkt\/nsn-hotpant-white\/","title":{"rendered":"NSN Hotpant white"},"content":{"rendered":"<p>Weiche, elastische Spitze, die flach am K\u00f6rper anliegt.<br \/>\nZwickel aus Baumwolle.<br \/>\nBund mit elastischer Spitze besetzt.<\/p>\n<p>93% polyamide, 7% elastane<br \/>\nMade in Italy<\/p>\n<p>Gr\u00f6sse S   36-38<br \/>\nGr\u00f6sse M   38-40<br \/>\nGr\u00f6sse L   42-46<\/p>\n","protected":false},"excerpt":{"rendered":"<p>Weiche, elastische Spitze, die flach am K\u00f6rper anliegt. Zwickel aus Baumwolle. Bund mit elastischer Spitze besetzt. 93% polyamide, 7% elastane Made in Italy Gr\u00f6sse S 36-38 Gr\u00f6sse M 38-40 Gr\u00f6sse L 42-46<\/p>\n","protected":false},"featured_media":21514,"template":"","meta":[],"product_brand":[],"product_cat":[209],"product_tag":[210,298,91],"class_list":{"0":"post-7555","1":"product","2":"type-product","3":"status-publish","4":"has-post-thumbnail","6":"product_cat-slips","7":"product_tag-cosabella","8":"product_tag-weiss","9":"product_tag-white","10":"pa_farbe-red","11":"pa_groesse-l","12":"pa_groesse-m","13":"pa_groesse-s","14":"pa_groesse-xl","15":"pa_groesse-xs","16":"pa_groesse-xxl","18":"first","19":"instock","20":"taxable","21":"shipping-taxable","22":"purchasable","23":"product-type-variable"},"_links":{"self":[{"href":"https:\/\/www.bunterwaesche.com\/shop_ch\/wp-json\/wp\/v2\/product\/7555","targetHints":{"allow":["GET"]}}],"collection":[{"href":"https:\/\/www.bunterwaesche.com\/shop_ch\/wp-json\/wp\/v2\/product"}],"about":[{"href":"https:\/\/www.bunterwaesche.com\/shop_ch\/wp-json\/wp\/v2\/types\/product"}],"wp:featuredmedia":[{"embeddable":true,"href":"https:\/\/www.bunterwaesche.com\/shop_ch\/wp-json\/wp\/v2\/media\/21514"}],"wp:attachment":[{"href":"https:\/\/www.bunterwaesche.com\/shop_ch\/wp-json\/wp\/v2\/media?parent=7555"}],"wp:term":[{"taxonomy":"product_brand","embeddable":true,"href":"https:\/\/www.bunterwaesche.com\/shop_ch\/wp-json\/wp\/v2\/product_brand?post=7555"},{"taxonomy":"product_cat","embeddable":true,"href":"https:\/\/www.bunterwaesche.com\/shop_ch\/wp-json\/wp\/v2\/product_cat?post=7555"},{"taxonomy":"product_tag","embeddable":true,"href":"https:\/\/www.bunterwaesche.com\/shop_ch\/wp-json\/wp\/v2\/product_tag?post=7555"}],"curies":[{"name":"wp","href":"https:\/\/api.w.org\/{rel}","templated":true}]}}